{"id":24,"date":"2025-08-20T18:25:57","date_gmt":"2025-08-20T16:25:57","guid":{"rendered":"http:\/\/raspi1\/?page_id=24"},"modified":"2025-12-09T18:09:53","modified_gmt":"2025-12-09T17:09:53","slug":"gemischter-chor","status":"publish","type":"page","link":"https:\/\/www.frohsinn-lauingen.de\/index.php\/gemischter-chor\/","title":{"rendered":"gemischter Chor"},"content":{"rendered":"\n<p><strong>Wer sind wir?<\/strong><\/p>\n\n\n\n<p>Musikbegeisterte Frauen und M\u00e4nner aller Altersklassen und aus allen Lebensbereichen, die Spa\u00df am gemeinsamen Singen haben. Unsere Aktiven kommen aus der n\u00e4heren und weiteren Umgebung zur Probe.<\/p>\n\n\n\n<p><strong>Was k\u00f6nnen wir ihnen anbieten?<\/strong><\/p>\n\n\n\n<ul class=\"wp-block-list\">\n<li>Wir singen alles was uns Freude macht.<\/li>\n\n\n\n<li>Wir haben eine professionelle Chorleitung.<\/li>\n\n\n\n<li>Unser Repertoire reicht von Geistlich bis Weltlich, von Klassik bis Musical, von Oldies und Schlager bis Pop, Volkslieder sowie Kirchenmusik, so dass eigentlich f\u00fcr jeden Geschmack etwas dabei ist.<\/li>\n\n\n\n<li>Bei Bedarf treffen sich die einzelnen Stimmen zur Stimmbildung.<\/li>\n<\/ul>\n\n\n\n<p><strong>Was erwarten wir?<\/strong><\/p>\n\n\n\n<ul class=\"wp-block-list\">\n<li>Spa\u00df am gemeinsamen Singen.<\/li>\n\n\n\n<li>Einsatzfreude und Aufgeschlossenheit f\u00fcr neue Chorprojekte.<\/li>\n\n\n\n<li>Die Geselligkeit kommt bei S\u00e4ngern nie zu kurz.<\/li>\n<\/ul>\n\n\n\n<figure class=\"wp-block-image size-full\"><img loading=\"lazy\" decoding=\"async\" width=\"500\" height=\"331\" src=\"http:\/\/www.frohsinn-lauingen.de\/wp-content\/uploads\/2025\/11\/11-25-2025_01.jpg\" alt=\"\" class=\"wp-image-91\" srcset=\"https:\/\/www.frohsinn-lauingen.de\/wp-content\/uploads\/2025\/11\/11-25-2025_01.jpg 500w, https:\/\/www.frohsinn-lauingen.de\/wp-content\/uploads\/2025\/11\/11-25-2025_01-300x199.jpg 300w, https:\/\/www.frohsinn-lauingen.de\/wp-content\/uploads\/2025\/11\/11-25-2025_01-150x99.jpg 150w\" sizes=\"auto, (max-width: 500px) 100vw, 500px\" \/><\/figure>\n\n\n\n<p>Bild: T.G\u00fcntner: 8.11.2025 &#8211; Benefizkonzert H\u00f6chst\u00e4dt<\/p>\n\n\n\n<p><strong>Unsere Chorproben:<\/strong><br>Singstunden immer am Montag von 19:30 bis 21:00 Uhr. Im Musiksaal des Albertus Gymnasium Lauingen Br\u00fcderstra\u00dfe 10, 2. Obergeschoss (Aufzug vorhanden).<\/p>\n\n\n\n<ul class=\"wp-block-list\">\n<li>In den Sommerferien ist keine Chorprobe.<\/li>\n<\/ul>\n\n\n\n<p>Fragen beantwortet gerne der Vorstand:<\/p>\n\n\n\n<ol class=\"wp-block-list\">\n<li>Vorsitzender: Gebhard Hummel, Schwanenstra\u00dfe 17, 89415 Lauingen,<\/li>\n<\/ol>\n\n\n\n<ul class=\"wp-block-list\">\n<li> <a href=\"mailto:gebhard.hummel@gmx.de\">E-Mail &#8211; senden<\/a> &#8211; gerne antworten wir auf Mailanfragen<\/li>\n<\/ul>\n\n\n\n<p><\/p>\n\n\n\n<p>     2. Vorsitzende:&nbsp;&nbsp;&nbsp; Hildegard Hummel, Schwanenstra\u00dfe 17. 89415 Lauingen,<\/p>\n\n\n\n<p>     Schriftf\u00fchrerin:&nbsp;&nbsp;&nbsp; Helga Hoffmann, Hyazinth-W\u00e4ckerle-Weg 10, 89415 Lauingen<\/p>\n\n\n\n<p>     Schatzmeister:&nbsp;&nbsp;&nbsp;&nbsp; &nbsp; Hans Hauf, Albanus-Stra\u00dfe 9, 89415 Lauingen<\/p>\n\n\n\n<div class=\"wp-block-group alignfull has-background-color\" style=\"margin-top:0;margin-bottom:0;padding-top:var(--wp--preset--spacing--40);padding-right:var(--wp--preset--spacing--30);padding-bottom:var(--wp--preset--spacing--40);padding-left:var(--wp--preset--spacing--30)\"><div class=\"wp-block-group__inner-container is-layout-constrained wp-container-core-group-is-layout-91a691eb wp-block-group-is-layout-constrained\">\n<div class=\"wp-block-group alignwide is-content-justification-space-between is-layout-flex wp-container-core-group-is-layout-256aec57 wp-block-group-is-layout-flex\">\n<div class=\"wp-block-group is-layout-flex wp-block-group-is-layout-flex\"><h1 class=\"wp-block-site-title has-small-font-size\"><a href=\"https:\/\/www.frohsinn-lauingen.de\" target=\"_self\" rel=\"home\">Gesangverein Frohsinn Lauingen 1880 e.V.<\/a><\/h1><\/div>\n\n\n\n<p class=\"has-small-font-size\">powered by <a href=\"https:\/\/wordpress.org\" rel=\"nofollow\">WordPress<\/a><\/p>\n<\/div>\n<\/div><\/div>\n","protected":false},"excerpt":{"rendered":"<p>Wer sind wir? Musikbegeisterte Frauen und M\u00e4nner aller Altersklassen und aus allen Lebensbereichen, die Spa\u00df am gemeinsamen Singen haben. Unsere Aktiven kommen aus der n\u00e4heren und weiteren Umgebung zur Probe. Was k\u00f6nnen wir ihnen anbieten? Was erwarten wir? Bild: T.G\u00fcntner: 8.11.2025 &#8211; Benefizkonzert H\u00f6chst\u00e4dt Unsere Chorproben:Singstunden immer am Montag von &#8230;<\/p>\n<p> <a class=\"continue-reading-link\" href=\"https:\/\/www.frohsinn-lauingen.de\/index.php\/gemischter-chor\/\"><span>Continue reading<\/span><i class=\"crycon-right-dir\"><\/i><\/a> <\/p>\n","protected":false},"author":4,"featured_media":14,"parent":0,"menu_order":0,"comment_status":"closed","ping_status":"closed","template":"","meta":{"footnotes":""},"class_list":["post-24","page","type-page","status-publish","has-post-thumbnail","hentry"],"_links":{"self":[{"href":"https:\/\/www.frohsinn-lauingen.de\/index.php\/wp-json\/wp\/v2\/pages\/24","targetHints":{"allow":["GET"]}}],"collection":[{"href":"https:\/\/www.frohsinn-lauingen.de\/index.php\/wp-json\/wp\/v2\/pages"}],"about":[{"href":"https:\/\/www.frohsinn-lauingen.de\/index.php\/wp-json\/wp\/v2\/types\/page"}],"author":[{"embeddable":true,"href":"https:\/\/www.frohsinn-lauingen.de\/index.php\/wp-json\/wp\/v2\/users\/4"}],"replies":[{"embeddable":true,"href":"https:\/\/www.frohsinn-lauingen.de\/index.php\/wp-json\/wp\/v2\/comments?post=24"}],"version-history":[{"count":6,"href":"https:\/\/www.frohsinn-lauingen.de\/index.php\/wp-json\/wp\/v2\/pages\/24\/revisions"}],"predecessor-version":[{"id":101,"href":"https:\/\/www.frohsinn-lauingen.de\/index.php\/wp-json\/wp\/v2\/pages\/24\/revisions\/101"}],"wp:featuredmedia":[{"embeddable":true,"href":"https:\/\/www.frohsinn-lauingen.de\/index.php\/wp-json\/wp\/v2\/media\/14"}],"wp:attachment":[{"href":"https:\/\/www.frohsinn-lauingen.de\/index.php\/wp-json\/wp\/v2\/media?parent=24"}],"curies":[{"name":"wp","href":"https:\/\/api.w.org\/{rel}","templated":true}]}}