{"id":13,"date":"2025-08-20T12:28:59","date_gmt":"2025-08-20T10:28:59","guid":{"rendered":"http:\/\/raspi1\/?page_id=13"},"modified":"2025-12-09T18:11:00","modified_gmt":"2025-12-09T17:11:00","slug":"willkommen","status":"publish","type":"page","link":"https:\/\/www.frohsinn-lauingen.de\/index.php\/willkommen\/","title":{"rendered":"Willkommen!"},"content":{"rendered":"\n<p>Wir, der Gesangverein Frohsinn Lauingen e.V. sucht keine Stars\u00e4nger, sondern Menschen jeden Alters, die Freude am Singen und an der Geselligkeit haben.<\/p>\n\n\n\n<figure class=\"wp-block-image size-full\"><img loading=\"lazy\" decoding=\"async\" width=\"500\" height=\"333\" src=\"http:\/\/www.frohsinn-lauingen.de\/wp-content\/uploads\/2025\/11\/20250706_Chor.jpg\" alt=\"\" class=\"wp-image-94\" srcset=\"https:\/\/www.frohsinn-lauingen.de\/wp-content\/uploads\/2025\/11\/20250706_Chor.jpg 500w, https:\/\/www.frohsinn-lauingen.de\/wp-content\/uploads\/2025\/11\/20250706_Chor-300x200.jpg 300w, https:\/\/www.frohsinn-lauingen.de\/wp-content\/uploads\/2025\/11\/20250706_Chor-150x100.jpg 150w\" sizes=\"auto, (max-width: 500px) 100vw, 500px\" \/><\/figure>\n\n\n\n<p>Bild: Sylvia Wolf-Kibele<\/p>\n\n\n\n<p>Unser Repertoire ist vielf\u00e4ltig: Von traditionellen Volksliedern bis zu modernen St\u00fccken und mit unserer Chorleiterin Anja Baumann wird jede Probe zum Vergn\u00fcgen.<br><strong>Kommen sie vorbei!<\/strong><br>Probieren Sie es ganz ungezwungen aus: Schauen Sie in einer unserer n\u00e4chsten Singstunden vorbei, ohne Verpflichtungen &#8211; einfach zuh\u00f6ren, mitsingen, mitmachen! Sie sind herzlich willkommen, und wenn Sie m\u00f6gen, bringen Sie gerne jemanden mit.<\/p>\n\n\n\n<p>Wir singen jeden Montag von 19.30 bis 21.00 Uhr im Musiksaal des Albertus-Gymnasium Lauingen (AGL) in der Br\u00fcderstra\u00dfe 10 in Lauingen 2. Stock (Aufzug m\u00f6glich)<\/p>\n\n\n\n<div class=\"wp-block-group alignfull has-background-color\" style=\"margin-top:0;margin-bottom:0;padding-top:var(--wp--preset--spacing--40);padding-right:var(--wp--preset--spacing--30);padding-bottom:var(--wp--preset--spacing--40);padding-left:var(--wp--preset--spacing--30)\"><div class=\"wp-block-group__inner-container is-layout-constrained wp-container-core-group-is-layout-91a691eb wp-block-group-is-layout-constrained\">\n<div class=\"wp-block-group alignwide is-content-justification-space-between is-layout-flex wp-container-core-group-is-layout-256aec57 wp-block-group-is-layout-flex\">\n<div class=\"wp-block-group is-layout-flex wp-block-group-is-layout-flex\"><h1 class=\"wp-block-site-title has-small-font-size\"><a href=\"https:\/\/www.frohsinn-lauingen.de\" target=\"_self\" rel=\"home\">Gesangverein Frohsinn Lauingen 1880 e.V.<\/a><\/h1><\/div>\n\n\n\n<p class=\"has-small-font-size\">powered by <a href=\"https:\/\/wordpress.org\" rel=\"nofollow\">WordPress<\/a><\/p>\n<\/div>\n<\/div><\/div>\n","protected":false},"excerpt":{"rendered":"<p>Wir, der Gesangverein Frohsinn Lauingen e.V. sucht keine Stars\u00e4nger, sondern Menschen jeden Alters, die Freude am Singen und an der Geselligkeit haben. Bild: Sylvia Wolf-Kibele Unser Repertoire ist vielf\u00e4ltig: Von traditionellen Volksliedern bis zu modernen St\u00fccken und mit unserer Chorleiterin Anja Baumann wird jede Probe zum Vergn\u00fcgen.Kommen sie vorbei!Probieren Sie &#8230;<\/p>\n<p> <a class=\"continue-reading-link\" href=\"https:\/\/www.frohsinn-lauingen.de\/index.php\/willkommen\/\"><span>Continue reading<\/span><i class=\"crycon-right-dir\"><\/i><\/a> <\/p>\n","protected":false},"author":4,"featured_media":0,"parent":0,"menu_order":-1,"comment_status":"closed","ping_status":"closed","template":"","meta":{"footnotes":""},"class_list":["post-13","page","type-page","status-publish","hentry"],"_links":{"self":[{"href":"https:\/\/www.frohsinn-lauingen.de\/index.php\/wp-json\/wp\/v2\/pages\/13","targetHints":{"allow":["GET"]}}],"collection":[{"href":"https:\/\/www.frohsinn-lauingen.de\/index.php\/wp-json\/wp\/v2\/pages"}],"about":[{"href":"https:\/\/www.frohsinn-lauingen.de\/index.php\/wp-json\/wp\/v2\/types\/page"}],"author":[{"embeddable":true,"href":"https:\/\/www.frohsinn-lauingen.de\/index.php\/wp-json\/wp\/v2\/users\/4"}],"replies":[{"embeddable":true,"href":"https:\/\/www.frohsinn-lauingen.de\/index.php\/wp-json\/wp\/v2\/comments?post=13"}],"version-history":[{"count":7,"href":"https:\/\/www.frohsinn-lauingen.de\/index.php\/wp-json\/wp\/v2\/pages\/13\/revisions"}],"predecessor-version":[{"id":102,"href":"https:\/\/www.frohsinn-lauingen.de\/index.php\/wp-json\/wp\/v2\/pages\/13\/revisions\/102"}],"wp:attachment":[{"href":"https:\/\/www.frohsinn-lauingen.de\/index.php\/wp-json\/wp\/v2\/media?parent=13"}],"curies":[{"name":"wp","href":"https:\/\/api.w.org\/{rel}","templated":true}]}}